{"id":442,"date":"2015-11-17T05:09:58","date_gmt":"2015-11-17T05:09:58","guid":{"rendered":"http:\/\/logistics.stylemixthemes.com\/\/?page_id=442"},"modified":"2026-03-05T11:33:12","modified_gmt":"2026-03-05T08:33:12","slug":"iletisim","status":"publish","type":"page","link":"https:\/\/adgm.com.tr\/?page_id=442","title":{"rendered":"\u0130leti\u015fim"},"content":{"rendered":"<div class=\"wpb-content-wrapper\"><p>[vc_row css=&#8221;.vc_custom_1449207080478{margin-bottom: 60px !important;}&#8221;][vc_column offset=&#8221;vc_col-lg-4 vc_col-md-4&#8243; css=&#8221;.vc_custom_1449207085340{margin-bottom: 30px !important;}&#8221;][vc_column_text]<\/p>\n<h2>\u0130leti\u015fim<\/h2>\n<p>DE\u011e\u0130\u015e\u0130M G\u00dcMR\u00dcK M\u00dc\u015eAV\u0130RL\u0130\u011e\u0130 A.\u015e. olarak bizimle veya hizmetlerimiz ile ilgili sorular\u0131n\u0131z i\u00e7in ileti\u015fim bilgilerimiz.[\/vc_column_text][\/vc_column][vc_column offset=&#8221;vc_col-lg-8 vc_col-md-8&#8243; css=&#8221;.vc_custom_1703518077841{margin-bottom: 30px !important;}&#8221; el_class=&#8221;base_bg_color&#8221;][vc_custom_heading text=&#8221;\u0130LET\u0130\u015e\u0130M B\u0130LG\u0130LER\u0130&#8221; font_container=&#8221;tag:h2|text_align:left|color:%23ffffff&#8221; use_theme_fonts=&#8221;yes&#8221;][vc_column_text]ZAFER MAH. KURULTAY SOK. YILMAZ KARDE\u015eLER \u0130\u015e HANI NO:1 KAT:4 YEN\u0130BOSNA\/\u0130STANBUL<br \/>\nTEL :\u00a0<span aria-label=\"(0212) 451 38 00 Numaral\u0131 Telefonu Ara\">0212 451 38 00<\/span><br \/>\nFAKS : 0212-<br \/>\nE-POSTA: info@adgm.com.tr[\/vc_column_text][\/vc_column][\/vc_row][vc_row][vc_column][vc_gmaps link=&#8221;#E-8_JTNDaWZyYW1lJTIwc3JjJTNEJTIyaHR0cHMlM0ElMkYlMkZ3d3cuZ29vZ2xlLmNvbSUyRm1hcHMlMkZlbWJlZCUzRnBiJTNEJTIxMW0xNCUyMTFtMTIlMjExbTMlMjExZDE4OC4yMDU4ODU3NjY5NDUyNyUyMTJkMjguODM1MDA0NTM3NTI4NzUlMjEzZDQwLjk5NjkzNDA3MTUwMzIlMjEybTMlMjExZjAlMjEyZjAlMjEzZjAlMjEzbTIlMjExaTEwMjQlMjEyaTc2OCUyMTRmMTMuMSUyMTVlMCUyMTNtMiUyMTFzZW4lMjEyc3RyJTIxNHYxNzA1ODczNzYzMTI0JTIxNW0yJTIxMXNlbiUyMTJzdHIlMjIlMjB3aWR0aCUzRCUyMjYwMCUyMiUyMGhlaWdodCUzRCUyMjQ1MCUyMiUyMHN0eWxlJTNEJTIyYm9yZGVyJTNBMCUzQiUyMiUyMGFsbG93ZnVsbHNjcmVlbiUzRCUyMiUyMiUyMGxvYWRpbmclM0QlMjJsYXp5JTIyJTIwcmVmZXJyZXJwb2xpY3klM0QlMjJuby1yZWZlcnJlci13aGVuLWRvd25ncmFkZSUyMiUzRSUzQyUyRmlmcmFtZSUzRQ==&#8221;][\/vc_column][\/vc_row]<\/p>\n<\/div>","protected":false},"excerpt":{"rendered":"<p>[vc_row css=&#8221;.vc_custom_1449207080478{margin-bottom: 60px !important;}&#8221;][vc_column offset=&#8221;vc_col-lg-4 vc_col-md-4&#8243; css=&#8221;.vc_custom_1449207085340{margin-bottom: 30px !important;}&#8221;][vc_column_text] \u0130leti\u015fim DE\u011e\u0130\u015e\u0130M G\u00dcMR\u00dcK M\u00dc\u015eAV\u0130RL\u0130\u011e\u0130 A.\u015e. olarak bizimle veya hizmetlerimiz ile ilgili sorular\u0131n\u0131z i\u00e7in ileti\u015fim bilgilerimiz.[\/vc_column_text][\/vc_column][vc_column offset=&#8221;vc_col-lg-8 vc_col-md-8&#8243; css=&#8221;.vc_custom_1703518077841{margin-bottom: 30px !important;}&#8221; el_class=&#8221;base_bg_color&#8221;][vc_custom_heading text=&#8221;\u0130LET\u0130\u015e\u0130M B\u0130LG\u0130LER\u0130&#8221; font_container=&#8221;tag:h2|text_align:left|color:%23ffffff&#8221;&#8230;<\/p>\n","protected":false},"author":1,"featured_media":0,"parent":0,"menu_order":0,"comment_status":"closed","ping_status":"closed","template":"","meta":{"footnotes":""},"class_list":["post-442","page","type-page","status-publish","hentry"],"yoast_head":"<!-- This site is optimized with the Yoast SEO plugin v26.6 - https:\/\/yoast.com\/wordpress\/plugins\/seo\/ -->\n<title>\u0130leti\u015fim - De\u011fi\u015fim G\u00fcmr\u00fck M\u00fc\u015favirligi<\/title>\n<meta name=\"robots\" content=\"index, follow, max-snippet:-1, max-image-preview:large, max-video-preview:-1\" \/>\n<link rel=\"canonical\" href=\"https:\/\/adgm.com.tr\/?page_id=442\" \/>\n<meta property=\"og:locale\" content=\"tr_TR\" \/>\n<meta property=\"og:type\" content=\"article\" \/>\n<meta property=\"og:title\" content=\"\u0130leti\u015fim - De\u011fi\u015fim G\u00fcmr\u00fck M\u00fc\u015favirligi\" \/>\n<meta property=\"og:description\" content=\"[vc_row css=&#8221;.vc_custom_1449207080478{margin-bottom: 60px !important;}&#8221;][vc_column offset=&#8221;vc_col-lg-4 vc_col-md-4&#8243; css=&#8221;.vc_custom_1449207085340{margin-bottom: 30px !important;}&#8221;][vc_column_text] \u0130leti\u015fim DE\u011e\u0130\u015e\u0130M G\u00dcMR\u00dcK M\u00dc\u015eAV\u0130RL\u0130\u011e\u0130 A.\u015e. olarak bizimle veya hizmetlerimiz ile ilgili sorular\u0131n\u0131z i\u00e7in ileti\u015fim bilgilerimiz.[\/vc_column_text][\/vc_column][vc_column offset=&#8221;vc_col-lg-8 vc_col-md-8&#8243; css=&#8221;.vc_custom_1703518077841{margin-bottom: 30px !important;}&#8221; el_class=&#8221;base_bg_color&#8221;][vc_custom_heading text=&#8221;\u0130LET\u0130\u015e\u0130M B\u0130LG\u0130LER\u0130&#8221; font_container=&#8221;tag:h2|text_align:left|color:%23ffffff&#8221;...\" \/>\n<meta property=\"og:url\" content=\"https:\/\/adgm.com.tr\/?page_id=442\" \/>\n<meta property=\"og:site_name\" content=\"De\u011fi\u015fim G\u00fcmr\u00fck M\u00fc\u015favirligi\" \/>\n<meta property=\"article:publisher\" content=\"https:\/\/www.facebook.com\/profile.php?id=109573543886909&amp;paipv=0&amp;eav=AfaHbsgmfQCvt-LVJ4GEWmICBbee8wN3_yhOjs6gFYruWbVSuHctbV1s5X1AJCUjoKw&amp;_rdr\" \/>\n<meta property=\"article:modified_time\" content=\"2026-03-05T08:33:12+00:00\" \/>\n<meta name=\"twitter:card\" content=\"summary_large_image\" \/>\n<meta name=\"twitter:label1\" content=\"Tahmini okuma s\u00fcresi\" \/>\n\t<meta name=\"twitter:data1\" content=\"1 dakika\" \/>\n<script type=\"application\/ld+json\" class=\"yoast-schema-graph\">{\"@context\":\"https:\/\/schema.org\",\"@graph\":[{\"@type\":\"WebPage\",\"@id\":\"https:\/\/adgm.com.tr\/?page_id=442\",\"url\":\"https:\/\/adgm.com.tr\/?page_id=442\",\"name\":\"\u0130leti\u015fim - De\u011fi\u015fim G\u00fcmr\u00fck M\u00fc\u015favirligi\",\"isPartOf\":{\"@id\":\"https:\/\/adgm.com.tr\/#website\"},\"datePublished\":\"2015-11-17T05:09:58+00:00\",\"dateModified\":\"2026-03-05T08:33:12+00:00\",\"breadcrumb\":{\"@id\":\"https:\/\/adgm.com.tr\/?page_id=442#breadcrumb\"},\"inLanguage\":\"tr\",\"potentialAction\":[{\"@type\":\"ReadAction\",\"target\":[\"https:\/\/adgm.com.tr\/?page_id=442\"]}]},{\"@type\":\"BreadcrumbList\",\"@id\":\"https:\/\/adgm.com.tr\/?page_id=442#breadcrumb\",\"itemListElement\":[{\"@type\":\"ListItem\",\"position\":1,\"name\":\"Home\",\"item\":\"https:\/\/adgm.com.tr\/\"},{\"@type\":\"ListItem\",\"position\":2,\"name\":\"\u0130leti\u015fim\"}]},{\"@type\":\"WebSite\",\"@id\":\"https:\/\/adgm.com.tr\/#website\",\"url\":\"https:\/\/adgm.com.tr\/\",\"name\":\"De\u011fi\u015fim G\u00fcmr\u00fck M\u00fc\u015favirligi\",\"description\":\"G\u00fcmr\u00fckleme ve Lojistik\",\"potentialAction\":[{\"@type\":\"SearchAction\",\"target\":{\"@type\":\"EntryPoint\",\"urlTemplate\":\"https:\/\/adgm.com.tr\/?s={search_term_string}\"},\"query-input\":{\"@type\":\"PropertyValueSpecification\",\"valueRequired\":true,\"valueName\":\"search_term_string\"}}],\"inLanguage\":\"tr\"}]}<\/script>\n<!-- \/ Yoast SEO plugin. -->","yoast_head_json":{"title":"\u0130leti\u015fim - De\u011fi\u015fim G\u00fcmr\u00fck M\u00fc\u015favirligi","robots":{"index":"index","follow":"follow","max-snippet":"max-snippet:-1","max-image-preview":"max-image-preview:large","max-video-preview":"max-video-preview:-1"},"canonical":"https:\/\/adgm.com.tr\/?page_id=442","og_locale":"tr_TR","og_type":"article","og_title":"\u0130leti\u015fim - De\u011fi\u015fim G\u00fcmr\u00fck M\u00fc\u015favirligi","og_description":"[vc_row css=&#8221;.vc_custom_1449207080478{margin-bottom: 60px !important;}&#8221;][vc_column offset=&#8221;vc_col-lg-4 vc_col-md-4&#8243; css=&#8221;.vc_custom_1449207085340{margin-bottom: 30px !important;}&#8221;][vc_column_text] \u0130leti\u015fim DE\u011e\u0130\u015e\u0130M G\u00dcMR\u00dcK M\u00dc\u015eAV\u0130RL\u0130\u011e\u0130 A.\u015e. olarak bizimle veya hizmetlerimiz ile ilgili sorular\u0131n\u0131z i\u00e7in ileti\u015fim bilgilerimiz.[\/vc_column_text][\/vc_column][vc_column offset=&#8221;vc_col-lg-8 vc_col-md-8&#8243; css=&#8221;.vc_custom_1703518077841{margin-bottom: 30px !important;}&#8221; el_class=&#8221;base_bg_color&#8221;][vc_custom_heading text=&#8221;\u0130LET\u0130\u015e\u0130M B\u0130LG\u0130LER\u0130&#8221; font_container=&#8221;tag:h2|text_align:left|color:%23ffffff&#8221;...","og_url":"https:\/\/adgm.com.tr\/?page_id=442","og_site_name":"De\u011fi\u015fim G\u00fcmr\u00fck M\u00fc\u015favirligi","article_publisher":"https:\/\/www.facebook.com\/profile.php?id=109573543886909&paipv=0&eav=AfaHbsgmfQCvt-LVJ4GEWmICBbee8wN3_yhOjs6gFYruWbVSuHctbV1s5X1AJCUjoKw&_rdr","article_modified_time":"2026-03-05T08:33:12+00:00","twitter_card":"summary_large_image","twitter_misc":{"Tahmini okuma s\u00fcresi":"1 dakika"},"schema":{"@context":"https:\/\/schema.org","@graph":[{"@type":"WebPage","@id":"https:\/\/adgm.com.tr\/?page_id=442","url":"https:\/\/adgm.com.tr\/?page_id=442","name":"\u0130leti\u015fim - De\u011fi\u015fim G\u00fcmr\u00fck M\u00fc\u015favirligi","isPartOf":{"@id":"https:\/\/adgm.com.tr\/#website"},"datePublished":"2015-11-17T05:09:58+00:00","dateModified":"2026-03-05T08:33:12+00:00","breadcrumb":{"@id":"https:\/\/adgm.com.tr\/?page_id=442#breadcrumb"},"inLanguage":"tr","potentialAction":[{"@type":"ReadAction","target":["https:\/\/adgm.com.tr\/?page_id=442"]}]},{"@type":"BreadcrumbList","@id":"https:\/\/adgm.com.tr\/?page_id=442#breadcrumb","itemListElement":[{"@type":"ListItem","position":1,"name":"Home","item":"https:\/\/adgm.com.tr\/"},{"@type":"ListItem","position":2,"name":"\u0130leti\u015fim"}]},{"@type":"WebSite","@id":"https:\/\/adgm.com.tr\/#website","url":"https:\/\/adgm.com.tr\/","name":"De\u011fi\u015fim G\u00fcmr\u00fck M\u00fc\u015favirligi","description":"G\u00fcmr\u00fckleme ve Lojistik","potentialAction":[{"@type":"SearchAction","target":{"@type":"EntryPoint","urlTemplate":"https:\/\/adgm.com.tr\/?s={search_term_string}"},"query-input":{"@type":"PropertyValueSpecification","valueRequired":true,"valueName":"search_term_string"}}],"inLanguage":"tr"}]}},"_links":{"self":[{"href":"https:\/\/adgm.com.tr\/index.php?rest_route=\/wp\/v2\/pages\/442","targetHints":{"allow":["GET"]}}],"collection":[{"href":"https:\/\/adgm.com.tr\/index.php?rest_route=\/wp\/v2\/pages"}],"about":[{"href":"https:\/\/adgm.com.tr\/index.php?rest_route=\/wp\/v2\/types\/page"}],"author":[{"embeddable":true,"href":"https:\/\/adgm.com.tr\/index.php?rest_route=\/wp\/v2\/users\/1"}],"replies":[{"embeddable":true,"href":"https:\/\/adgm.com.tr\/index.php?rest_route=%2Fwp%2Fv2%2Fcomments&post=442"}],"version-history":[{"count":7,"href":"https:\/\/adgm.com.tr\/index.php?rest_route=\/wp\/v2\/pages\/442\/revisions"}],"predecessor-version":[{"id":1563,"href":"https:\/\/adgm.com.tr\/index.php?rest_route=\/wp\/v2\/pages\/442\/revisions\/1563"}],"wp:attachment":[{"href":"https:\/\/adgm.com.tr\/index.php?rest_route=%2Fwp%2Fv2%2Fmedia&parent=442"}],"curies":[{"name":"wp","href":"https:\/\/api.w.org\/{rel}","templated":true}]}}