{"id":415,"date":"2015-11-17T04:19:36","date_gmt":"2015-11-17T04:19:36","guid":{"rendered":"http:\/\/logistics.stylemixthemes.com\/\/?page_id=415"},"modified":"2026-03-12T09:38:45","modified_gmt":"2026-03-12T06:38:45","slug":"hakkimizda","status":"publish","type":"page","link":"https:\/\/adgm.com.tr\/?page_id=415","title":{"rendered":"Hakk\u0131m\u0131zda"},"content":{"rendered":"<div class=\"wpb-content-wrapper\"><p>[vc_row css=&#8221;.vc_custom_1448604362911{margin-bottom: 100px !important;}&#8221;][vc_column offset=&#8221;vc_col-lg-9 vc_col-md-9&#8243;][vc_column_text css=&#8221;.vc_custom_1773060643376{margin-bottom: 30px !important;}&#8221;]<\/p>\n<h2><span style=\"font-family: tahoma, arial, helvetica, sans-serif;\">De\u011fi\u015fim G\u00fcmr\u00fck M\u00fc\u015favirli\u011fi<\/span><\/h2>\n<p><span style=\"font-family: arial, helvetica, sans-serif;\">De\u011fi\u015fim G\u00fcmr\u00fck M\u00fc\u015favirli\u011fi A.\u015e., g\u00fcmr\u00fck m\u00fc\u015favirli\u011fi sekt\u00f6r\u00fcnde 40 y\u0131l\u0131 a\u015fk\u0131n tecr\u00fcbesiyle d\u0131\u015f ticaret alan\u0131nda g\u00fcvenilir ve profesyonel hizmet sunmaktad\u0131r. Firmam\u0131z; g\u00fcmr\u00fck m\u00fc\u015favirli\u011fi, d\u0131\u015f ticaret dan\u0131\u015fmanl\u0131\u011f\u0131, te\u015fvik uygulamalar\u0131, lojistik, ta\u015f\u0131ma ve sigorta hizmetleri ile m\u00fc\u015fterilerinin t\u00fcm d\u0131\u015f ticaret s\u00fcre\u00e7lerini u\u00e7tan uca y\u00f6netmektedir.<\/span><\/p>\n<p><span style=\"font-family: arial, helvetica, sans-serif;\">Alan\u0131nda uzman kadromuz ve g\u00fcvenilir i\u015f ortaklar\u0131m\u0131zla, ithalat ve ihracat i\u015flemlerinde mevzuata tam uyumlu, h\u0131zl\u0131 ve do\u011fru \u00e7\u00f6z\u00fcmler sunmay\u0131 hedefliyoruz. M\u00fc\u015fteri odakl\u0131 hizmet anlay\u0131\u015f\u0131m\u0131z sayesinde operasyonel hatalar\u0131 en aza indirerek firmalara zaman ve maliyet avantaj\u0131 sa\u011flamaktay\u0131z.<\/span><\/p>\n<p><span style=\"font-family: arial, helvetica, sans-serif;\">S\u00fcrekli geli\u015fen d\u0131\u015f ticaret ve g\u00fcmr\u00fck mevzuat\u0131n\u0131 yak\u0131ndan takip eden firmam\u0131z, m\u00fc\u015fterilerine s\u00fcrd\u00fcr\u00fclebilir, \u015feffaf ve katma de\u011fer sa\u011flayan g\u00fcmr\u00fck hizmetleri sunarak sekt\u00f6rde g\u00fcvenilir bir \u00e7\u00f6z\u00fcm orta\u011f\u0131 olmaya devam etmektedir.<\/span><\/p>\n<p>&nbsp;<\/p>\n<h2><span style=\"font-family: tahoma, arial, helvetica, sans-serif;\">Misyonumuz<\/span><\/h2>\n<p>[\/vc_column_text][vc_row_inner css=&#8221;.vc_custom_1448605934156{margin-bottom: 80px !important;}&#8221;][vc_column_inner width=&#8221;1\/2&#8243;][vc_column_text css=&#8221;.vc_custom_1773054594822{margin-bottom: 30px !important;}&#8221;]<\/p>\n<ul class=\"style_3\">\n<li><span style=\"font-family: arial, helvetica, sans-serif;\">M\u00fc\u015fteri memnuniyetini en \u00fcst seviyede tutmak.<\/span><\/li>\n<li><span style=\"font-family: arial, helvetica, sans-serif;\">H\u0131zl\u0131 ve g\u00fcvenilir lojistik \u00e7\u00f6z\u00fcmleri sunmak.<\/span><\/li>\n<li><span style=\"font-family: arial, helvetica, sans-serif;\">Yenilik\u00e7i teknoloji ve s\u00fcre\u00e7leri kullanarak sekt\u00f6rde \u00f6nc\u00fc olmak.<\/span><\/li>\n<li><span style=\"font-family: arial, helvetica, sans-serif;\">Uzmanl\u0131k alanlar\u0131m\u0131zda s\u00fcrekli geli\u015fim sa\u011flamak.<\/span><\/li>\n<li><span style=\"font-family: arial, helvetica, sans-serif;\">\u00c7evreye duyarl\u0131 ve s\u00fcrd\u00fcr\u00fclebilir bir i\u015f yap\u0131s\u0131n\u0131 benimsemek.<\/span><\/li>\n<\/ul>\n<p>[\/vc_column_text][\/vc_column_inner][vc_column_inner width=&#8221;1\/2&#8243;][vc_column_text]<\/p>\n<ul class=\"style_3\">\n<li><span style=\"font-family: arial, helvetica, sans-serif;\">Personel memnuniyetini ve geli\u015fimini desteklemek.<\/span><\/li>\n<li><span style=\"font-family: arial, helvetica, sans-serif;\">G\u00fcmr\u00fck i\u015flemlerinde kesintisiz ve profesyonel hizmet sa\u011flamak.<\/span><\/li>\n<li><span style=\"font-family: arial, helvetica, sans-serif;\">M\u00fc\u015fterilerimize \u00f6zel \u00e7\u00f6z\u00fcmler \u00fcreterek onlar\u0131n ihtiya\u00e7lar\u0131na odaklanmak.<\/span><\/li>\n<li><span style=\"font-family: arial, helvetica, sans-serif;\">Etik de\u011ferlere ve yasalara uygun hareket etmek.<\/span><\/li>\n<li><span style=\"font-family: arial, helvetica, sans-serif;\">Sekt\u00f6rdeki en iyi standartlarda kaliteli hizmet sunmak.<\/span><\/li>\n<\/ul>\n<p>[\/vc_column_text][\/vc_column_inner][\/vc_row_inner][vc_column_text css=&#8221;.vc_custom_1773060581144{margin-bottom: 30px !important;}&#8221;]<\/p>\n<h2><span style=\"font-family: tahoma, arial, helvetica, sans-serif;\">Vizyonumuz<\/span><\/h2>\n<p><span style=\"font-family: arial, helvetica, sans-serif;\">De\u011fi\u015fim G\u00fcmr\u00fckleme olarak vizyonumuz; d\u0131\u015f ticaret ve g\u00fcmr\u00fck s\u00fcre\u00e7lerinde g\u00fcvenilir, h\u0131zl\u0131 ve mevzuata tam uyumlu hizmet anlay\u0131\u015f\u0131m\u0131zla m\u00fc\u015fterilerimizin tercih etti\u011fi lider \u00e7\u00f6z\u00fcm ortaklar\u0131ndan biri olmakt\u0131r. Teknoloji odakl\u0131 yakla\u015f\u0131m\u0131m\u0131z ve uzman kadromuz ile sekt\u00f6rde s\u00fcrd\u00fcr\u00fclebilir ve katma de\u011fer yaratan hizmetler sunmay\u0131 hedefliyoruz.<\/span>[\/vc_column_text][vc_column_text css=&#8221;.vc_custom_1773057953631{margin-bottom: 30px !important;}&#8221;]<\/p>\n<h2><span style=\"font-family: tahoma, arial, helvetica, sans-serif;\">De\u011ferler<\/span><\/h2>\n<ul>\n<li>G\u00fcvenilirlik<\/li>\n<li>\u015eeffafl\u0131k<\/li>\n<li>Mevzuata Uyum<\/li>\n<li>H\u0131zl\u0131 Hizmet<\/li>\n<li>M\u00fc\u015fteri Memnuniyeti<\/li>\n<li>S\u00fcrekli Geli\u015fim<\/li>\n<\/ul>\n<p>[\/vc_column_text][vc_custom_heading text=&#8221;S\u0131k\u00e7a Sorulan Sorular&#8221; use_theme_fonts=&#8221;yes&#8221;][vc_tta_accordion style=&#8221;outline&#8221; shape=&#8221;square&#8221; color=&#8221;theme_style&#8221; c_icon=&#8221;chevron&#8221; c_position=&#8221;right&#8221; active_section=&#8221;1&#8243; css=&#8221;.vc_custom_1448604377520{margin-bottom: 60px !important;}&#8221;][vc_tta_section title=&#8221;De\u011fi\u015fim G\u00fcmr\u00fck&#8217;\u00fcn sundu\u011fu hizmetler nelerdir?&#8221; tab_id=&#8221;1447734797771-9e120a4a-d349&#8243;][vc_column_text]<span style=\"font-family: arial, helvetica, sans-serif;\">\u0130thalat ve \u0130hracat hizmetleri, Mevzuat ve Hukuki Dan\u0131\u015fmanl\u0131k.<\/span>[\/vc_column_text][\/vc_tta_section][vc_tta_section title=&#8221;\u015eirketin konumu ve ula\u015f\u0131m\u0131 nas\u0131ld\u0131r?&#8221; tab_id=&#8221;1447734839113-ff62a5f8-66d2&#8243;][vc_column_text]<span style=\"font-family: arial, helvetica, sans-serif;\">Yenibosna Metrob\u00fcs Dura\u011f\u0131na 5 dakika y\u00fcr\u00fcme mesafesinde ve \u00e7evre yollar\u0131na yak\u0131n bir lokasyonda.<\/span>[\/vc_column_text][\/vc_tta_section][vc_tta_section title=&#8221;G\u00fcmr\u00fck i\u015flemleri i\u00e7in hangi destekler sunulmaktad\u0131r?&#8221; tab_id=&#8221;1447734836829-fbbe2256-8a36&#8243;][vc_column_text]<span style=\"font-family: arial, helvetica, sans-serif;\">G\u00fcmr\u00fck i\u015flemlerinde m\u00fc\u015fterilerimize profesyonel destek sa\u011fl\u0131yoruz. \u0130thalat ve ihracat s\u00fcre\u00e7lerinde gerekli belgelerin haz\u0131rlanmas\u0131, g\u00fcmr\u00fck beyannamelerinin d\u00fczenlenmesi ve di\u011fer g\u00fcmr\u00fck i\u015flemlerinde dan\u0131\u015fmanl\u0131k hizmeti sunuyoruz. Detayl\u0131 bilgi ve destek i\u00e7in bizimle ileti\u015fime ge\u00e7ebilirsiniz.<\/span>[\/vc_column_text][\/vc_tta_section][\/vc_tta_accordion][\/vc_column][\/vc_row][vc_row full_width=&#8221;stretch_row&#8221; el_class=&#8221;secondary_bg_color&#8221; css=&#8221;.vc_custom_1447734480631{margin-bottom: 0px !important;}&#8221;][vc_column][vc_cta h2=&#8221;Hemen \u0130leti\u015fime Ge\u00e7in!&#8221; shape=&#8221;square&#8221; add_button=&#8221;right&#8221; btn_title=&#8221;Telefon ile Ara&#8221; btn_style=&#8221;outline&#8221; btn_shape=&#8221;round&#8221; btn_color=&#8221;white&#8221; btn_i_align=&#8221;right&#8221; btn_i_icon_fontawesome=&#8221;stm-arrow-next&#8221; btn_add_icon=&#8221;true&#8221; el_class=&#8221;secondary_bg_color&#8221; btn_link=&#8221;url:tel%3A02126523224&#8243;][\/vc_cta][\/vc_column][\/vc_row]<\/p>\n<\/div>","protected":false},"excerpt":{"rendered":"<p>[vc_row css=&#8221;.vc_custom_1448604362911{margin-bottom: 100px !important;}&#8221;][vc_column offset=&#8221;vc_col-lg-9 vc_col-md-9&#8243;][vc_column_text css=&#8221;.vc_custom_1773060643376{margin-bottom: 30px !important;}&#8221;] De\u011fi\u015fim G\u00fcmr\u00fck M\u00fc\u015favirli\u011fi De\u011fi\u015fim G\u00fcmr\u00fck M\u00fc\u015favirli\u011fi A.\u015e., g\u00fcmr\u00fck m\u00fc\u015favirli\u011fi sekt\u00f6r\u00fcnde 40 y\u0131l\u0131 a\u015fk\u0131n tecr\u00fcbesiyle d\u0131\u015f ticaret alan\u0131nda g\u00fcvenilir ve profesyonel hizmet sunmaktad\u0131r. Firmam\u0131z; g\u00fcmr\u00fck&#8230;<\/p>\n","protected":false},"author":1,"featured_media":0,"parent":0,"menu_order":0,"comment_status":"closed","ping_status":"closed","template":"","meta":{"footnotes":""},"class_list":["post-415","page","type-page","status-publish","hentry"],"yoast_head":"<!-- This site is optimized with the Yoast SEO plugin v26.6 - https:\/\/yoast.com\/wordpress\/plugins\/seo\/ -->\n<title>Hakk\u0131m\u0131zda - De\u011fi\u015fim G\u00fcmr\u00fck M\u00fc\u015favirligi<\/title>\n<meta name=\"robots\" content=\"index, follow, max-snippet:-1, max-image-preview:large, max-video-preview:-1\" \/>\n<link rel=\"canonical\" href=\"https:\/\/adgm.com.tr\/?page_id=415\" \/>\n<meta property=\"og:locale\" content=\"tr_TR\" \/>\n<meta property=\"og:type\" content=\"article\" \/>\n<meta property=\"og:title\" content=\"Hakk\u0131m\u0131zda - De\u011fi\u015fim G\u00fcmr\u00fck M\u00fc\u015favirligi\" \/>\n<meta property=\"og:description\" content=\"[vc_row css=&#8221;.vc_custom_1448604362911{margin-bottom: 100px !important;}&#8221;][vc_column offset=&#8221;vc_col-lg-9 vc_col-md-9&#8243;][vc_column_text css=&#8221;.vc_custom_1773060643376{margin-bottom: 30px !important;}&#8221;] De\u011fi\u015fim G\u00fcmr\u00fck M\u00fc\u015favirli\u011fi De\u011fi\u015fim G\u00fcmr\u00fck M\u00fc\u015favirli\u011fi A.\u015e., g\u00fcmr\u00fck m\u00fc\u015favirli\u011fi sekt\u00f6r\u00fcnde 40 y\u0131l\u0131 a\u015fk\u0131n tecr\u00fcbesiyle d\u0131\u015f ticaret alan\u0131nda g\u00fcvenilir ve profesyonel hizmet sunmaktad\u0131r. Firmam\u0131z; g\u00fcmr\u00fck...\" \/>\n<meta property=\"og:url\" content=\"https:\/\/adgm.com.tr\/?page_id=415\" \/>\n<meta property=\"og:site_name\" content=\"De\u011fi\u015fim G\u00fcmr\u00fck M\u00fc\u015favirligi\" \/>\n<meta property=\"article:publisher\" content=\"https:\/\/www.facebook.com\/profile.php?id=109573543886909&amp;paipv=0&amp;eav=AfaHbsgmfQCvt-LVJ4GEWmICBbee8wN3_yhOjs6gFYruWbVSuHctbV1s5X1AJCUjoKw&amp;_rdr\" \/>\n<meta property=\"article:modified_time\" content=\"2026-03-12T06:38:45+00:00\" \/>\n<meta name=\"twitter:card\" content=\"summary_large_image\" \/>\n<meta name=\"twitter:label1\" content=\"Tahmini okuma s\u00fcresi\" \/>\n\t<meta name=\"twitter:data1\" content=\"3 dakika\" \/>\n<script type=\"application\/ld+json\" class=\"yoast-schema-graph\">{\"@context\":\"https:\/\/schema.org\",\"@graph\":[{\"@type\":\"WebPage\",\"@id\":\"https:\/\/adgm.com.tr\/?page_id=415\",\"url\":\"https:\/\/adgm.com.tr\/?page_id=415\",\"name\":\"Hakk\u0131m\u0131zda - De\u011fi\u015fim G\u00fcmr\u00fck M\u00fc\u015favirligi\",\"isPartOf\":{\"@id\":\"https:\/\/adgm.com.tr\/#website\"},\"datePublished\":\"2015-11-17T04:19:36+00:00\",\"dateModified\":\"2026-03-12T06:38:45+00:00\",\"breadcrumb\":{\"@id\":\"https:\/\/adgm.com.tr\/?page_id=415#breadcrumb\"},\"inLanguage\":\"tr\",\"potentialAction\":[{\"@type\":\"ReadAction\",\"target\":[\"https:\/\/adgm.com.tr\/?page_id=415\"]}]},{\"@type\":\"BreadcrumbList\",\"@id\":\"https:\/\/adgm.com.tr\/?page_id=415#breadcrumb\",\"itemListElement\":[{\"@type\":\"ListItem\",\"position\":1,\"name\":\"Home\",\"item\":\"https:\/\/adgm.com.tr\/\"},{\"@type\":\"ListItem\",\"position\":2,\"name\":\"Hakk\u0131m\u0131zda\"}]},{\"@type\":\"WebSite\",\"@id\":\"https:\/\/adgm.com.tr\/#website\",\"url\":\"https:\/\/adgm.com.tr\/\",\"name\":\"De\u011fi\u015fim G\u00fcmr\u00fck M\u00fc\u015favirligi\",\"description\":\"G\u00fcmr\u00fckleme ve Lojistik\",\"potentialAction\":[{\"@type\":\"SearchAction\",\"target\":{\"@type\":\"EntryPoint\",\"urlTemplate\":\"https:\/\/adgm.com.tr\/?s={search_term_string}\"},\"query-input\":{\"@type\":\"PropertyValueSpecification\",\"valueRequired\":true,\"valueName\":\"search_term_string\"}}],\"inLanguage\":\"tr\"}]}<\/script>\n<!-- \/ Yoast SEO plugin. -->","yoast_head_json":{"title":"Hakk\u0131m\u0131zda - De\u011fi\u015fim G\u00fcmr\u00fck M\u00fc\u015favirligi","robots":{"index":"index","follow":"follow","max-snippet":"max-snippet:-1","max-image-preview":"max-image-preview:large","max-video-preview":"max-video-preview:-1"},"canonical":"https:\/\/adgm.com.tr\/?page_id=415","og_locale":"tr_TR","og_type":"article","og_title":"Hakk\u0131m\u0131zda - De\u011fi\u015fim G\u00fcmr\u00fck M\u00fc\u015favirligi","og_description":"[vc_row css=&#8221;.vc_custom_1448604362911{margin-bottom: 100px !important;}&#8221;][vc_column offset=&#8221;vc_col-lg-9 vc_col-md-9&#8243;][vc_column_text css=&#8221;.vc_custom_1773060643376{margin-bottom: 30px !important;}&#8221;] De\u011fi\u015fim G\u00fcmr\u00fck M\u00fc\u015favirli\u011fi De\u011fi\u015fim G\u00fcmr\u00fck M\u00fc\u015favirli\u011fi A.\u015e., g\u00fcmr\u00fck m\u00fc\u015favirli\u011fi sekt\u00f6r\u00fcnde 40 y\u0131l\u0131 a\u015fk\u0131n tecr\u00fcbesiyle d\u0131\u015f ticaret alan\u0131nda g\u00fcvenilir ve profesyonel hizmet sunmaktad\u0131r. Firmam\u0131z; g\u00fcmr\u00fck...","og_url":"https:\/\/adgm.com.tr\/?page_id=415","og_site_name":"De\u011fi\u015fim G\u00fcmr\u00fck M\u00fc\u015favirligi","article_publisher":"https:\/\/www.facebook.com\/profile.php?id=109573543886909&paipv=0&eav=AfaHbsgmfQCvt-LVJ4GEWmICBbee8wN3_yhOjs6gFYruWbVSuHctbV1s5X1AJCUjoKw&_rdr","article_modified_time":"2026-03-12T06:38:45+00:00","twitter_card":"summary_large_image","twitter_misc":{"Tahmini okuma s\u00fcresi":"3 dakika"},"schema":{"@context":"https:\/\/schema.org","@graph":[{"@type":"WebPage","@id":"https:\/\/adgm.com.tr\/?page_id=415","url":"https:\/\/adgm.com.tr\/?page_id=415","name":"Hakk\u0131m\u0131zda - De\u011fi\u015fim G\u00fcmr\u00fck M\u00fc\u015favirligi","isPartOf":{"@id":"https:\/\/adgm.com.tr\/#website"},"datePublished":"2015-11-17T04:19:36+00:00","dateModified":"2026-03-12T06:38:45+00:00","breadcrumb":{"@id":"https:\/\/adgm.com.tr\/?page_id=415#breadcrumb"},"inLanguage":"tr","potentialAction":[{"@type":"ReadAction","target":["https:\/\/adgm.com.tr\/?page_id=415"]}]},{"@type":"BreadcrumbList","@id":"https:\/\/adgm.com.tr\/?page_id=415#breadcrumb","itemListElement":[{"@type":"ListItem","position":1,"name":"Home","item":"https:\/\/adgm.com.tr\/"},{"@type":"ListItem","position":2,"name":"Hakk\u0131m\u0131zda"}]},{"@type":"WebSite","@id":"https:\/\/adgm.com.tr\/#website","url":"https:\/\/adgm.com.tr\/","name":"De\u011fi\u015fim G\u00fcmr\u00fck M\u00fc\u015favirligi","description":"G\u00fcmr\u00fckleme ve Lojistik","potentialAction":[{"@type":"SearchAction","target":{"@type":"EntryPoint","urlTemplate":"https:\/\/adgm.com.tr\/?s={search_term_string}"},"query-input":{"@type":"PropertyValueSpecification","valueRequired":true,"valueName":"search_term_string"}}],"inLanguage":"tr"}]}},"_links":{"self":[{"href":"https:\/\/adgm.com.tr\/index.php?rest_route=\/wp\/v2\/pages\/415","targetHints":{"allow":["GET"]}}],"collection":[{"href":"https:\/\/adgm.com.tr\/index.php?rest_route=\/wp\/v2\/pages"}],"about":[{"href":"https:\/\/adgm.com.tr\/index.php?rest_route=\/wp\/v2\/types\/page"}],"author":[{"embeddable":true,"href":"https:\/\/adgm.com.tr\/index.php?rest_route=\/wp\/v2\/users\/1"}],"replies":[{"embeddable":true,"href":"https:\/\/adgm.com.tr\/index.php?rest_route=%2Fwp%2Fv2%2Fcomments&post=415"}],"version-history":[{"count":15,"href":"https:\/\/adgm.com.tr\/index.php?rest_route=\/wp\/v2\/pages\/415\/revisions"}],"predecessor-version":[{"id":1593,"href":"https:\/\/adgm.com.tr\/index.php?rest_route=\/wp\/v2\/pages\/415\/revisions\/1593"}],"wp:attachment":[{"href":"https:\/\/adgm.com.tr\/index.php?rest_route=%2Fwp%2Fv2%2Fmedia&parent=415"}],"curies":[{"name":"wp","href":"https:\/\/api.w.org\/{rel}","templated":true}]}}